{"id":61,"date":"2020-01-23T18:21:52","date_gmt":"2020-01-23T18:21:52","guid":{"rendered":"https:\/\/demosites.io\/web-agency-gb\/?page_id=61"},"modified":"2023-04-20T10:43:32","modified_gmt":"2023-04-20T08:43:32","slug":"lequipe","status":"publish","type":"page","link":"https:\/\/www.cdk44.fr\/index.php\/lequipe\/","title":{"rendered":"L&rsquo;\u00e9quipe"},"content":{"rendered":"\n<div class=\"wp-block-cover alignfull\" style=\"min-height:300px;aspect-ratio:unset;\"><span aria-hidden=\"true\" class=\"wp-block-cover__background has-nv-site-bg-background-color has-background-dim-100 has-background-dim\"><\/span><div class=\"wp-block-cover__inner-container is-layout-flow wp-block-cover-is-layout-flow\">\n<div class=\"wp-block-group\"><div class=\"wp-block-group__inner-container is-layout-flow wp-block-group-is-layout-flow\"><\/div><\/div>\n<\/div><\/div>\n\n\n\n<div class=\"wp-block-cover alignfull\" style=\"min-height:600px;aspect-ratio:unset;\"><span aria-hidden=\"true\" class=\"wp-block-cover__background has-nv-light-bg-background-color has-background-dim-100 has-background-dim\"><\/span><div class=\"wp-block-cover__inner-container is-layout-flow wp-block-cover-is-layout-flow\">\n<div class=\"wp-block-group\"><div class=\"wp-block-group__inner-container is-layout-flow wp-block-group-is-layout-flow\">\n<div style=\"height:80px\" aria-hidden=\"true\" class=\"wp-block-spacer\"><\/div>\n\n\n\n<div class=\"wp-block-columns are-vertically-aligned-center is-layout-flex wp-container-core-columns-is-layout-9d6595d7 wp-block-columns-is-layout-flex\">\n<div class=\"wp-block-column is-vertically-aligned-center is-layout-flow wp-block-column-is-layout-flow\" style=\"flex-basis:50%\">\n<figure class=\"wp-block-image size-large\"><img loading=\"lazy\" decoding=\"async\" width=\"1024\" height=\"683\" src=\"http:\/\/tsnfwul.cluster031.hosting.ovh.net\/wp-content\/uploads\/2022\/03\/edwin-andrade-6liebVeAfrY-unsplash-1024x683.jpg\" alt=\"\" class=\"wp-image-369\" srcset=\"https:\/\/www.cdk44.fr\/wp-content\/uploads\/2022\/03\/edwin-andrade-6liebVeAfrY-unsplash-1024x683.jpg 1024w, https:\/\/www.cdk44.fr\/wp-content\/uploads\/2022\/03\/edwin-andrade-6liebVeAfrY-unsplash-300x200.jpg 300w, https:\/\/www.cdk44.fr\/wp-content\/uploads\/2022\/03\/edwin-andrade-6liebVeAfrY-unsplash-768x512.jpg 768w, https:\/\/www.cdk44.fr\/wp-content\/uploads\/2022\/03\/edwin-andrade-6liebVeAfrY-unsplash-1536x1024.jpg 1536w, https:\/\/www.cdk44.fr\/wp-content\/uploads\/2022\/03\/edwin-andrade-6liebVeAfrY-unsplash-2048x1365.jpg 2048w, https:\/\/www.cdk44.fr\/wp-content\/uploads\/2022\/03\/edwin-andrade-6liebVeAfrY-unsplash-930x620.jpg 930w\" sizes=\"auto, (max-width: 1024px) 100vw, 1024px\" \/><\/figure>\n<\/div>\n\n\n\n<div class=\"wp-block-column is-vertically-aligned-center is-layout-flow wp-block-column-is-layout-flow\" style=\"flex-basis:50%\">\n<h2 class=\"wp-block-heading has-neve-text-color-color has-text-color\">Notre histoire<\/h2>\n\n\n\n<p class=\"has-nv-dark-bg-color has-text-color\" style=\"font-style:normal;font-weight:700\">Fond\u00e9e en 2020 par trois associ\u00e9s aux profils diff\u00e9rents, la Compagnie De Kerlifornie travaille avec des entreprises allant de la startup au constructeur automobile. Cumulant plus de 35 ann\u00e9es d\u2019exp\u00e9rience dans le secteur automobile, nous mettons notre expertise et notre r\u00e9seau \u00e0 votre disposition. <\/p>\n\n\n\n<p class=\"has-nv-dark-bg-color has-text-color\" style=\"font-style:normal;font-weight:700\">Notre premier client  a b\u00e9n\u00e9fici\u00e9 de pr\u00e8s de 19 millions d\u2019euros d\u2019\u00e9quivalent publicitaire et a pu d\u00e9velopper son r\u00e9seau commercial atteignant d\u00e9sormais plus de 100 points de vente. <\/p>\n\n\n\n<p class=\"has-nv-dark-bg-color has-text-color\" style=\"font-style:normal;font-weight:700\">Nous accompagnons nos clients dans leurs projets de communication, d\u2019\u00e9v\u00e9nements et de marketing digital.<\/p>\n<\/div>\n<\/div>\n\n\n\n<div style=\"height:40px\" aria-hidden=\"true\" class=\"wp-block-spacer\"><\/div>\n<\/div><\/div>\n<\/div><\/div>\n\n\n\n<div class=\"wp-block-cover alignfull\" style=\"min-height:600px;aspect-ratio:unset;\"><span aria-hidden=\"true\" class=\"wp-block-cover__background has-nv-dark-bg-background-color has-background-dim-100 has-background-dim\"><\/span><div class=\"wp-block-cover__inner-container is-layout-flow wp-block-cover-is-layout-flow\">\n<div class=\"wp-block-group\"><div class=\"wp-block-group__inner-container is-layout-flow wp-block-group-is-layout-flow\">\n<div style=\"height:80px\" aria-hidden=\"true\" class=\"wp-block-spacer\"><\/div>\n\n\n\n<div class=\"wp-block-columns are-vertically-aligned-center is-layout-flex wp-container-core-columns-is-layout-9d6595d7 wp-block-columns-is-layout-flex\">\n<div class=\"wp-block-column is-vertically-aligned-center is-layout-flow wp-block-column-is-layout-flow\" style=\"flex-basis:50%\">\n<h2 class=\"wp-block-heading has-nv-text-dark-bg-color has-text-color\">Nos valeurs vous guident<\/h2>\n\n\n\n<p>Nous d\u00e9veloppons aupr\u00e8s des journalistes et des m\u00e9dias fran\u00e7ais une relation constructive et positive depuis plus de 20 ans. Compl\u00e9mentaires et r\u00e9actifs, nous aimons relever des d\u00e9fis tels que le lancement d\u2019un nouveau produit ou d\u2019une nouvelle marque sur le march\u00e9 fran\u00e7ais. <\/p>\n\n\n\n<p>Nous sommes en mesure de vous accompagner dans votre strat\u00e9gie de communication mais aussi dans les actions qui l\u2019accompagne. <\/p>\n\n\n\n<p>Sensibles au num\u00e9rique et ses r\u00e8gles, nos outils sont en conformit\u00e9 avec le RGPD.<\/p>\n\n\n\n<div style=\"height:20px\" aria-hidden=\"true\" class=\"wp-block-spacer\"><\/div>\n\n\n\n<div class=\"wp-block-buttons is-layout-flex wp-block-buttons-is-layout-flex\">\n<div class=\"wp-block-button is-style-primary\"><a class=\"wp-block-button__link wp-element-button\" href=\"http:\/\/tsnfwul.cluster031.hosting.ovh.net\/web-agency-gb-contact-us\/\">+<\/a><\/div>\n<\/div>\n\n\n\n<div style=\"height:20px\" aria-hidden=\"true\" class=\"wp-block-spacer\"><\/div>\n<\/div>\n\n\n\n<div class=\"wp-block-column is-vertically-aligned-center is-layout-flow wp-block-column-is-layout-flow\" style=\"flex-basis:50%\">\n<figure class=\"wp-block-image size-full is-resized\"><img loading=\"lazy\" decoding=\"async\" src=\"https:\/\/www.cdk44.fr\/wp-content\/uploads\/2020\/01\/neve-web-design-bg-09.jpg\" alt=\"\" class=\"wp-image-36\" width=\"479\" height=\"479\"\/><\/figure>\n<\/div>\n<\/div>\n\n\n\n<div style=\"height:40px\" aria-hidden=\"true\" class=\"wp-block-spacer\"><\/div>\n<\/div><\/div>\n<\/div><\/div>\n\n\n\n<div class=\"wp-block-cover alignfull\" style=\"min-height:420px;aspect-ratio:unset;\"><span aria-hidden=\"true\" class=\"wp-block-cover__background has-nv-site-bg-background-color has-background-dim-100 has-background-dim\"><\/span><div class=\"wp-block-cover__inner-container is-layout-flow wp-block-cover-is-layout-flow\">\n<div style=\"height:80px\" aria-hidden=\"true\" class=\"wp-block-spacer\"><\/div>\n\n\n\n<div class=\"wp-block-columns is-layout-flex wp-container-core-columns-is-layout-9d6595d7 wp-block-columns-is-layout-flex\">\n<div class=\"wp-block-column ticss-4ce656f1 is-layout-flow wp-block-column-is-layout-flow\">\n<figure class=\"wp-block-image size-large icon-style is-style-rounded\"><img loading=\"lazy\" decoding=\"async\" width=\"72\" height=\"72\" src=\"http:\/\/tsnfwul.cluster031.hosting.ovh.net\/wp-content\/uploads\/2020\/01\/neve-webdesign-GB-03.png\" alt=\"\" class=\"wp-image-20\"\/><\/figure>\n\n\n\n<h3 class=\"wp-block-heading has-text-align-left has-text-align-center has-neve-text-color-color has-text-color\">Hyper efficace<\/h3>\n\n\n\n<div style=\"height:20px\" aria-hidden=\"true\" class=\"wp-block-spacer\"><\/div>\n<\/div>\n\n\n\n<div class=\"wp-block-column ticss-f6fc7494 is-layout-flow wp-block-column-is-layout-flow\">\n<figure class=\"wp-block-image size-large icon-style is-style-rounded\"><img loading=\"lazy\" decoding=\"async\" width=\"72\" height=\"72\" src=\"http:\/\/tsnfwul.cluster031.hosting.ovh.net\/wp-content\/uploads\/2020\/01\/neve-webdesign-GB-03.png\" alt=\"\" class=\"wp-image-20\"\/><\/figure>\n\n\n\n<h3 class=\"wp-block-heading has-text-align-left has-text-align-center has-neve-text-color-color has-text-color\">Engag\u00e9 \u00e0 chaque instant<\/h3>\n\n\n\n<div style=\"height:20px\" aria-hidden=\"true\" class=\"wp-block-spacer\"><\/div>\n<\/div>\n\n\n\n<div class=\"wp-block-column ticss-a5b4df29 is-layout-flow wp-block-column-is-layout-flow\">\n<figure class=\"wp-block-image size-large icon-style is-style-rounded\"><img loading=\"lazy\" decoding=\"async\" width=\"72\" height=\"72\" src=\"http:\/\/tsnfwul.cluster031.hosting.ovh.net\/wp-content\/uploads\/2020\/01\/neve-webdesign-GB-03.png\" alt=\"\" class=\"wp-image-20\"\/><\/figure>\n\n\n\n<h3 class=\"wp-block-heading has-text-align-left has-text-align-center has-neve-text-color-color has-text-color\">Hautement qualifi\u00e9<\/h3>\n\n\n\n<div style=\"height:20px\" aria-hidden=\"true\" class=\"wp-block-spacer\"><\/div>\n<\/div>\n<\/div>\n\n\n\n<div style=\"height:30px\" aria-hidden=\"true\" class=\"wp-block-spacer\"><\/div>\n<\/div><\/div>\n\n\n\n<div class=\"wp-block-cover alignfull\" style=\"min-height:600px;aspect-ratio:unset;\"><span aria-hidden=\"true\" class=\"wp-block-cover__background has-nv-light-bg-background-color has-background-dim-100 has-background-dim\"><\/span><div class=\"wp-block-cover__inner-container is-layout-flow wp-block-cover-is-layout-flow\">\n<div class=\"wp-block-group\"><div class=\"wp-block-group__inner-container is-layout-flow wp-block-group-is-layout-flow\">\n<div style=\"height:80px\" aria-hidden=\"true\" class=\"wp-block-spacer\"><\/div>\n\n\n\n<div class=\"wp-block-columns is-layout-flex wp-container-core-columns-is-layout-9d6595d7 wp-block-columns-is-layout-flex\">\n<div class=\"wp-block-column is-layout-flow wp-block-column-is-layout-flow\"><div class=\"wp-block-image is-style-default\">\n<figure class=\"aligncenter size-full\"><img loading=\"lazy\" decoding=\"async\" width=\"550\" height=\"660\" src=\"http:\/\/tsnfwul.cluster031.hosting.ovh.net\/wp-content\/uploads\/2022\/03\/manu2.png\" alt=\"\" class=\"wp-image-370\" srcset=\"https:\/\/www.cdk44.fr\/wp-content\/uploads\/2022\/03\/manu2.png 550w, https:\/\/www.cdk44.fr\/wp-content\/uploads\/2022\/03\/manu2-250x300.png 250w\" sizes=\"auto, (max-width: 550px) 100vw, 550px\" \/><\/figure>\n<\/div>\n\n\n<h3 class=\"wp-block-heading has-text-align-center has-neve-text-color-color has-text-color\">Emmanuelle Gaudr\u00e9<\/h3>\n\n\n\n<p class=\"has-text-align-center has-neve-text-color-color has-text-color\">Co-fondactrice<\/p>\n\n\n\n<ul class=\"wp-block-social-links aligncenter is-layout-flex wp-block-social-links-is-layout-flex\"><li class=\"wp-social-link wp-social-link-linkedin  wp-block-social-link\"><a href=\"\" class=\"wp-block-social-link-anchor\"><svg width=\"24\" height=\"24\" viewBox=\"0 0 24 24\" version=\"1.1\" xmlns=\"http:\/\/www.w3.org\/2000\/svg\" aria-hidden=\"true\" focusable=\"false\"><path d=\"M19.7,3H4.3C3.582,3,3,3.582,3,4.3v15.4C3,20.418,3.582,21,4.3,21h15.4c0.718,0,1.3-0.582,1.3-1.3V4.3 C21,3.582,20.418,3,19.7,3z M8.339,18.338H5.667v-8.59h2.672V18.338z M7.004,8.574c-0.857,0-1.549-0.694-1.549-1.548 c0-0.855,0.691-1.548,1.549-1.548c0.854,0,1.547,0.694,1.547,1.548C8.551,7.881,7.858,8.574,7.004,8.574z M18.339,18.338h-2.669 v-4.177c0-0.996-0.017-2.278-1.387-2.278c-1.389,0-1.601,1.086-1.601,2.206v4.249h-2.667v-8.59h2.559v1.174h0.037 c0.356-0.675,1.227-1.387,2.526-1.387c2.703,0,3.203,1.779,3.203,4.092V18.338z\"><\/path><\/svg><span class=\"wp-block-social-link-label screen-reader-text\">LinkedIn<\/span><\/a><\/li><\/ul>\n\n\n\n<div style=\"height:40px\" aria-hidden=\"true\" class=\"wp-block-spacer\"><\/div>\n<\/div>\n\n\n\n<div class=\"wp-block-column is-layout-flow wp-block-column-is-layout-flow\"><div class=\"wp-block-image is-style-default\">\n<figure class=\"aligncenter size-full\"><img loading=\"lazy\" decoding=\"async\" width=\"471\" height=\"623\" src=\"http:\/\/tsnfwul.cluster031.hosting.ovh.net\/wp-content\/uploads\/2022\/03\/JB.png\" alt=\"\" class=\"wp-image-371\" srcset=\"https:\/\/www.cdk44.fr\/wp-content\/uploads\/2022\/03\/JB.png 471w, https:\/\/www.cdk44.fr\/wp-content\/uploads\/2022\/03\/JB-227x300.png 227w\" sizes=\"auto, (max-width: 471px) 100vw, 471px\" \/><\/figure>\n<\/div>\n\n\n<h3 class=\"wp-block-heading has-text-align-center has-neve-text-color-color has-text-color\">Jean-Briac Dalibard<\/h3>\n\n\n\n<p class=\"has-text-align-center has-neve-text-color-color has-text-color\">co-fondateur<\/p>\n\n\n\n<ul class=\"wp-block-social-links aligncenter is-layout-flex wp-block-social-links-is-layout-flex\"><li class=\"wp-social-link wp-social-link-linkedin  wp-block-social-link\"><a href=\"\" class=\"wp-block-social-link-anchor\"><svg width=\"24\" height=\"24\" viewBox=\"0 0 24 24\" version=\"1.1\" xmlns=\"http:\/\/www.w3.org\/2000\/svg\" aria-hidden=\"true\" focusable=\"false\"><path d=\"M19.7,3H4.3C3.582,3,3,3.582,3,4.3v15.4C3,20.418,3.582,21,4.3,21h15.4c0.718,0,1.3-0.582,1.3-1.3V4.3 C21,3.582,20.418,3,19.7,3z M8.339,18.338H5.667v-8.59h2.672V18.338z M7.004,8.574c-0.857,0-1.549-0.694-1.549-1.548 c0-0.855,0.691-1.548,1.549-1.548c0.854,0,1.547,0.694,1.547,1.548C8.551,7.881,7.858,8.574,7.004,8.574z M18.339,18.338h-2.669 v-4.177c0-0.996-0.017-2.278-1.387-2.278c-1.389,0-1.601,1.086-1.601,2.206v4.249h-2.667v-8.59h2.559v1.174h0.037 c0.356-0.675,1.227-1.387,2.526-1.387c2.703,0,3.203,1.779,3.203,4.092V18.338z\"><\/path><\/svg><span class=\"wp-block-social-link-label screen-reader-text\">LinkedIn<\/span><\/a><\/li><\/ul>\n\n\n\n<div style=\"height:40px\" aria-hidden=\"true\" class=\"wp-block-spacer\"><\/div>\n<\/div>\n\n\n\n<div class=\"wp-block-column is-layout-flow wp-block-column-is-layout-flow\">\n<h3 class=\"wp-block-heading has-text-align-center has-neve-text-color-color has-text-color\"><\/h3>\n\n\n\n<p class=\"has-text-align-center has-neve-text-color-color has-text-color\"><\/p>\n\n\n\n<ul class=\"wp-block-social-links aligncenter is-layout-flex wp-block-social-links-is-layout-flex\"><\/ul>\n\n\n\n<div style=\"height:40px\" aria-hidden=\"true\" class=\"wp-block-spacer\"><\/div>\n<\/div>\n<\/div>\n\n\n\n<div style=\"height:40px\" aria-hidden=\"true\" class=\"wp-block-spacer\"><\/div>\n<\/div><\/div>\n<\/div><\/div>\n\n\n\n<p><\/p>\n","protected":false},"excerpt":{"rendered":"","protected":false},"author":1,"featured_media":0,"parent":0,"menu_order":0,"comment_status":"closed","ping_status":"closed","template":"","meta":{"neve_meta_sidebar":"default","neve_meta_container":"default","neve_meta_enable_content_width":"on","neve_meta_content_width":100,"neve_meta_title_alignment":"","neve_meta_author_avatar":"","neve_post_elements_order":"","neve_meta_disable_header":"","neve_meta_disable_footer":"","neve_meta_disable_title":"on","_themeisle_gutenberg_block_has_review":false,"_ti_tpc_template_sync":false,"_ti_tpc_template_id":"0qhau2t6eoekosrgo1a2","footnotes":""},"class_list":["post-61","page","type-page","status-publish","hentry"],"yoast_head":"<!-- This site is optimized with the Yoast SEO plugin v18.5.1 - https:\/\/yoast.com\/wordpress\/plugins\/seo\/ -->\n<title>Compagnie de kerlifornie Equipe - CDK<\/title>\n<meta name=\"description\" content=\"Fond\u00e9e en 2020 par trois associ\u00e9s aux profils diff\u00e9rents, la Compagnie De Kerlifornie travaille avec des entreprises allant de la startup au constructeur automobile. Cumulant plus de 35 ann\u00e9es d\u2019exp\u00e9rience dans le secteur automobile, nous avons aid\u00e9 \u00e0 g\u00e9n\u00e9rer pr\u00e8s de 19 millions d\u2019euros d\u2019\u00e9quivalent publicitaire \u00e0 notre premier client lors de notre premi\u00e8re ann\u00e9e d\u2019activit\u00e9. Nous accompagnons nos clients dans leurs projets de communication, d\u2019\u00e9v\u00e9nements et de marketing digital. Emmanuelle Casola Gaudr\u00e9, Benoit Hairy et Jean-Briac Dalibard.\" \/>\n<meta name=\"robots\" content=\"index, follow, max-snippet:-1, max-image-preview:large, max-video-preview:-1\" \/>\n<link rel=\"canonical\" href=\"https:\/\/www.cdk44.fr\/index.php\/lequipe\/\" \/>\n<meta property=\"og:locale\" content=\"fr_FR\" \/>\n<meta property=\"og:type\" content=\"article\" \/>\n<meta property=\"og:title\" content=\"Compagnie de kerlifornie Equipe - CDK\" \/>\n<meta property=\"og:description\" content=\"Fond\u00e9e en 2020 par trois associ\u00e9s aux profils diff\u00e9rents, la Compagnie De Kerlifornie travaille avec des entreprises allant de la startup au constructeur automobile. Cumulant plus de 35 ann\u00e9es d\u2019exp\u00e9rience dans le secteur automobile, nous avons aid\u00e9 \u00e0 g\u00e9n\u00e9rer pr\u00e8s de 19 millions d\u2019euros d\u2019\u00e9quivalent publicitaire \u00e0 notre premier client lors de notre premi\u00e8re ann\u00e9e d\u2019activit\u00e9. Nous accompagnons nos clients dans leurs projets de communication, d\u2019\u00e9v\u00e9nements et de marketing digital. Emmanuelle Casola Gaudr\u00e9, Benoit Hairy et Jean-Briac Dalibard.\" \/>\n<meta property=\"og:url\" content=\"https:\/\/www.cdk44.fr\/index.php\/lequipe\/\" \/>\n<meta property=\"og:site_name\" content=\"CDK\" \/>\n<meta property=\"article:modified_time\" content=\"2023-04-20T08:43:32+00:00\" \/>\n<meta property=\"og:image\" content=\"http:\/\/tsnfwul.cluster031.hosting.ovh.net\/wp-content\/uploads\/2022\/03\/edwin-andrade-6liebVeAfrY-unsplash-1024x683.jpg\" \/>\n<meta name=\"twitter:card\" content=\"summary_large_image\" \/>\n<meta name=\"twitter:label1\" content=\"Dur\u00e9e de lecture estim\u00e9e\" \/>\n\t<meta name=\"twitter:data1\" content=\"3 minutes\" \/>\n<script type=\"application\/ld+json\" class=\"yoast-schema-graph\">{\"@context\":\"https:\/\/schema.org\",\"@graph\":[{\"@type\":\"Organization\",\"@id\":\"https:\/\/www.cdk44.fr\/#organization\",\"name\":\"Compagnie de Kerliformie\",\"url\":\"https:\/\/www.cdk44.fr\/\",\"sameAs\":[],\"logo\":{\"@type\":\"ImageObject\",\"@id\":\"https:\/\/www.cdk44.fr\/#logo\",\"inLanguage\":\"fr-FR\",\"url\":\"https:\/\/www.cdk44.fr\/wp-content\/uploads\/2022\/04\/LOGO_CDK01.png\",\"contentUrl\":\"https:\/\/www.cdk44.fr\/wp-content\/uploads\/2022\/04\/LOGO_CDK01.png\",\"width\":3164,\"height\":1398,\"caption\":\"Compagnie de Kerliformie\"},\"image\":{\"@id\":\"https:\/\/www.cdk44.fr\/#logo\"}},{\"@type\":\"WebSite\",\"@id\":\"https:\/\/www.cdk44.fr\/#website\",\"url\":\"https:\/\/www.cdk44.fr\/\",\"name\":\"CDK\",\"description\":\"Vos relations presse en toute simplicit\u00e9\",\"publisher\":{\"@id\":\"https:\/\/www.cdk44.fr\/#organization\"},\"potentialAction\":[{\"@type\":\"SearchAction\",\"target\":{\"@type\":\"EntryPoint\",\"urlTemplate\":\"https:\/\/www.cdk44.fr\/?s={search_term_string}\"},\"query-input\":\"required name=search_term_string\"}],\"inLanguage\":\"fr-FR\"},{\"@type\":\"ImageObject\",\"@id\":\"https:\/\/www.cdk44.fr\/index.php\/lequipe\/#primaryimage\",\"inLanguage\":\"fr-FR\",\"url\":\"http:\/\/tsnfwul.cluster031.hosting.ovh.net\/wp-content\/uploads\/2022\/03\/edwin-andrade-6liebVeAfrY-unsplash-1024x683.jpg\",\"contentUrl\":\"http:\/\/tsnfwul.cluster031.hosting.ovh.net\/wp-content\/uploads\/2022\/03\/edwin-andrade-6liebVeAfrY-unsplash-1024x683.jpg\"},{\"@type\":\"WebPage\",\"@id\":\"https:\/\/www.cdk44.fr\/index.php\/lequipe\/#webpage\",\"url\":\"https:\/\/www.cdk44.fr\/index.php\/lequipe\/\",\"name\":\"Compagnie de kerlifornie Equipe - CDK\",\"isPartOf\":{\"@id\":\"https:\/\/www.cdk44.fr\/#website\"},\"primaryImageOfPage\":{\"@id\":\"https:\/\/www.cdk44.fr\/index.php\/lequipe\/#primaryimage\"},\"datePublished\":\"2020-01-23T18:21:52+00:00\",\"dateModified\":\"2023-04-20T08:43:32+00:00\",\"description\":\"Fond\u00e9e en 2020 par trois associ\u00e9s aux profils diff\u00e9rents, la Compagnie De Kerlifornie travaille avec des entreprises allant de la startup au constructeur automobile. Cumulant plus de 35 ann\u00e9es d\u2019exp\u00e9rience dans le secteur automobile, nous avons aid\u00e9 \u00e0 g\u00e9n\u00e9rer pr\u00e8s de 19 millions d\u2019euros d\u2019\u00e9quivalent publicitaire \u00e0 notre premier client lors de notre premi\u00e8re ann\u00e9e d\u2019activit\u00e9. Nous accompagnons nos clients dans leurs projets de communication, d\u2019\u00e9v\u00e9nements et de marketing digital. Emmanuelle Casola Gaudr\u00e9, Benoit Hairy et Jean-Briac Dalibard.\",\"breadcrumb\":{\"@id\":\"https:\/\/www.cdk44.fr\/index.php\/lequipe\/#breadcrumb\"},\"inLanguage\":\"fr-FR\",\"potentialAction\":[{\"@type\":\"ReadAction\",\"target\":[\"https:\/\/www.cdk44.fr\/index.php\/lequipe\/\"]}]},{\"@type\":\"BreadcrumbList\",\"@id\":\"https:\/\/www.cdk44.fr\/index.php\/lequipe\/#breadcrumb\",\"itemListElement\":[{\"@type\":\"ListItem\",\"position\":1,\"name\":\"Accueil\",\"item\":\"https:\/\/www.cdk44.fr\/\"},{\"@type\":\"ListItem\",\"position\":2,\"name\":\"L&rsquo;\u00e9quipe\"}]}]}<\/script>\n<!-- \/ Yoast SEO plugin. -->","yoast_head_json":{"title":"Compagnie de kerlifornie Equipe - CDK","description":"Fond\u00e9e en 2020 par trois associ\u00e9s aux profils diff\u00e9rents, la Compagnie De Kerlifornie travaille avec des entreprises allant de la startup au constructeur automobile. Cumulant plus de 35 ann\u00e9es d\u2019exp\u00e9rience dans le secteur automobile, nous avons aid\u00e9 \u00e0 g\u00e9n\u00e9rer pr\u00e8s de 19 millions d\u2019euros d\u2019\u00e9quivalent publicitaire \u00e0 notre premier client lors de notre premi\u00e8re ann\u00e9e d\u2019activit\u00e9. Nous accompagnons nos clients dans leurs projets de communication, d\u2019\u00e9v\u00e9nements et de marketing digital. Emmanuelle Casola Gaudr\u00e9, Benoit Hairy et Jean-Briac Dalibard.","robots":{"index":"index","follow":"follow","max-snippet":"max-snippet:-1","max-image-preview":"max-image-preview:large","max-video-preview":"max-video-preview:-1"},"canonical":"https:\/\/www.cdk44.fr\/index.php\/lequipe\/","og_locale":"fr_FR","og_type":"article","og_title":"Compagnie de kerlifornie Equipe - CDK","og_description":"Fond\u00e9e en 2020 par trois associ\u00e9s aux profils diff\u00e9rents, la Compagnie De Kerlifornie travaille avec des entreprises allant de la startup au constructeur automobile. Cumulant plus de 35 ann\u00e9es d\u2019exp\u00e9rience dans le secteur automobile, nous avons aid\u00e9 \u00e0 g\u00e9n\u00e9rer pr\u00e8s de 19 millions d\u2019euros d\u2019\u00e9quivalent publicitaire \u00e0 notre premier client lors de notre premi\u00e8re ann\u00e9e d\u2019activit\u00e9. Nous accompagnons nos clients dans leurs projets de communication, d\u2019\u00e9v\u00e9nements et de marketing digital. Emmanuelle Casola Gaudr\u00e9, Benoit Hairy et Jean-Briac Dalibard.","og_url":"https:\/\/www.cdk44.fr\/index.php\/lequipe\/","og_site_name":"CDK","article_modified_time":"2023-04-20T08:43:32+00:00","og_image":[{"url":"http:\/\/tsnfwul.cluster031.hosting.ovh.net\/wp-content\/uploads\/2022\/03\/edwin-andrade-6liebVeAfrY-unsplash-1024x683.jpg"}],"twitter_card":"summary_large_image","twitter_misc":{"Dur\u00e9e de lecture estim\u00e9e":"3 minutes"},"schema":{"@context":"https:\/\/schema.org","@graph":[{"@type":"Organization","@id":"https:\/\/www.cdk44.fr\/#organization","name":"Compagnie de Kerliformie","url":"https:\/\/www.cdk44.fr\/","sameAs":[],"logo":{"@type":"ImageObject","@id":"https:\/\/www.cdk44.fr\/#logo","inLanguage":"fr-FR","url":"https:\/\/www.cdk44.fr\/wp-content\/uploads\/2022\/04\/LOGO_CDK01.png","contentUrl":"https:\/\/www.cdk44.fr\/wp-content\/uploads\/2022\/04\/LOGO_CDK01.png","width":3164,"height":1398,"caption":"Compagnie de Kerliformie"},"image":{"@id":"https:\/\/www.cdk44.fr\/#logo"}},{"@type":"WebSite","@id":"https:\/\/www.cdk44.fr\/#website","url":"https:\/\/www.cdk44.fr\/","name":"CDK","description":"Vos relations presse en toute simplicit\u00e9","publisher":{"@id":"https:\/\/www.cdk44.fr\/#organization"},"potentialAction":[{"@type":"SearchAction","target":{"@type":"EntryPoint","urlTemplate":"https:\/\/www.cdk44.fr\/?s={search_term_string}"},"query-input":"required name=search_term_string"}],"inLanguage":"fr-FR"},{"@type":"ImageObject","@id":"https:\/\/www.cdk44.fr\/index.php\/lequipe\/#primaryimage","inLanguage":"fr-FR","url":"http:\/\/tsnfwul.cluster031.hosting.ovh.net\/wp-content\/uploads\/2022\/03\/edwin-andrade-6liebVeAfrY-unsplash-1024x683.jpg","contentUrl":"http:\/\/tsnfwul.cluster031.hosting.ovh.net\/wp-content\/uploads\/2022\/03\/edwin-andrade-6liebVeAfrY-unsplash-1024x683.jpg"},{"@type":"WebPage","@id":"https:\/\/www.cdk44.fr\/index.php\/lequipe\/#webpage","url":"https:\/\/www.cdk44.fr\/index.php\/lequipe\/","name":"Compagnie de kerlifornie Equipe - CDK","isPartOf":{"@id":"https:\/\/www.cdk44.fr\/#website"},"primaryImageOfPage":{"@id":"https:\/\/www.cdk44.fr\/index.php\/lequipe\/#primaryimage"},"datePublished":"2020-01-23T18:21:52+00:00","dateModified":"2023-04-20T08:43:32+00:00","description":"Fond\u00e9e en 2020 par trois associ\u00e9s aux profils diff\u00e9rents, la Compagnie De Kerlifornie travaille avec des entreprises allant de la startup au constructeur automobile. Cumulant plus de 35 ann\u00e9es d\u2019exp\u00e9rience dans le secteur automobile, nous avons aid\u00e9 \u00e0 g\u00e9n\u00e9rer pr\u00e8s de 19 millions d\u2019euros d\u2019\u00e9quivalent publicitaire \u00e0 notre premier client lors de notre premi\u00e8re ann\u00e9e d\u2019activit\u00e9. Nous accompagnons nos clients dans leurs projets de communication, d\u2019\u00e9v\u00e9nements et de marketing digital. Emmanuelle Casola Gaudr\u00e9, Benoit Hairy et Jean-Briac Dalibard.","breadcrumb":{"@id":"https:\/\/www.cdk44.fr\/index.php\/lequipe\/#breadcrumb"},"inLanguage":"fr-FR","potentialAction":[{"@type":"ReadAction","target":["https:\/\/www.cdk44.fr\/index.php\/lequipe\/"]}]},{"@type":"BreadcrumbList","@id":"https:\/\/www.cdk44.fr\/index.php\/lequipe\/#breadcrumb","itemListElement":[{"@type":"ListItem","position":1,"name":"Accueil","item":"https:\/\/www.cdk44.fr\/"},{"@type":"ListItem","position":2,"name":"L&rsquo;\u00e9quipe"}]}]}},"_links":{"self":[{"href":"https:\/\/www.cdk44.fr\/index.php\/wp-json\/wp\/v2\/pages\/61","targetHints":{"allow":["GET"]}}],"collection":[{"href":"https:\/\/www.cdk44.fr\/index.php\/wp-json\/wp\/v2\/pages"}],"about":[{"href":"https:\/\/www.cdk44.fr\/index.php\/wp-json\/wp\/v2\/types\/page"}],"author":[{"embeddable":true,"href":"https:\/\/www.cdk44.fr\/index.php\/wp-json\/wp\/v2\/users\/1"}],"replies":[{"embeddable":true,"href":"https:\/\/www.cdk44.fr\/index.php\/wp-json\/wp\/v2\/comments?post=61"}],"version-history":[{"count":8,"href":"https:\/\/www.cdk44.fr\/index.php\/wp-json\/wp\/v2\/pages\/61\/revisions"}],"predecessor-version":[{"id":453,"href":"https:\/\/www.cdk44.fr\/index.php\/wp-json\/wp\/v2\/pages\/61\/revisions\/453"}],"wp:attachment":[{"href":"https:\/\/www.cdk44.fr\/index.php\/wp-json\/wp\/v2\/media?parent=61"}],"curies":[{"name":"wp","href":"https:\/\/api.w.org\/{rel}","templated":true}]}}