{"id":69,"date":"2020-01-27T08:05:29","date_gmt":"2020-01-27T08:05:29","guid":{"rendered":"https:\/\/demosites.io\/web-agency-gb\/?page_id=69"},"modified":"2022-04-12T10:23:01","modified_gmt":"2022-04-12T08:23:01","slug":"nos-clients","status":"publish","type":"page","link":"https:\/\/www.cdk44.fr\/index.php\/nos-clients\/","title":{"rendered":"Nos clients"},"content":{"rendered":"\n<div class=\"wp-block-cover alignfull\" style=\"min-height:300px;aspect-ratio:unset;\"><span aria-hidden=\"true\" class=\"has-nv-dark-bg-background-color has-background-dim-100 wp-block-cover__gradient-background has-background-dim\"><\/span><div class=\"wp-block-cover__inner-container is-layout-flow wp-block-cover-is-layout-flow\">\n<div style=\"height:80px\" aria-hidden=\"true\" class=\"wp-block-spacer\"><\/div>\n\n\n\n<figure class=\"wp-block-image size-full is-resized\"><img loading=\"lazy\" decoding=\"async\" src=\"https:\/\/www.cdk44.fr\/wp-content\/uploads\/2022\/03\/agilauto-logo-idsidavv5e.png\" alt=\"\" class=\"wp-image-378\" width=\"315\" height=\"95\" srcset=\"https:\/\/www.cdk44.fr\/wp-content\/uploads\/2022\/03\/agilauto-logo-idsidavv5e.png 820w, https:\/\/www.cdk44.fr\/wp-content\/uploads\/2022\/03\/agilauto-logo-idsidavv5e-300x90.png 300w, https:\/\/www.cdk44.fr\/wp-content\/uploads\/2022\/03\/agilauto-logo-idsidavv5e-768x231.png 768w\" sizes=\"auto, (max-width: 315px) 100vw, 315px\" \/><\/figure>\n\n\n\n<p><a href=\"https:\/\/www.agilauto.fr\/\">Agilauto<\/a> est une nouvelle concession digitale sp\u00e9cialiste du financement automobile, cr\u00e9\u00e9e et g\u00e9r\u00e9e depuis 2018 par Cr\u00e9dit Agricole Consumer Finance (filiale du groupe Cr\u00e9dit Agricole et acteur majeur du cr\u00e9dit \u00e0 la consommation).<\/p>\n\n\n\n<figure class=\"wp-block-image size-large is-resized\"><img loading=\"lazy\" decoding=\"async\" src=\"https:\/\/www.cdk44.fr\/wp-content\/uploads\/2022\/03\/Embleme-MG-1024x1024.jpg\" alt=\"\" class=\"wp-image-412\" width=\"200\" height=\"200\" srcset=\"https:\/\/www.cdk44.fr\/wp-content\/uploads\/2022\/03\/Embleme-MG-1024x1024.jpg 1024w, https:\/\/www.cdk44.fr\/wp-content\/uploads\/2022\/03\/Embleme-MG-300x300.jpg 300w, https:\/\/www.cdk44.fr\/wp-content\/uploads\/2022\/03\/Embleme-MG-150x150.jpg 150w, https:\/\/www.cdk44.fr\/wp-content\/uploads\/2022\/03\/Embleme-MG-768x768.jpg 768w, https:\/\/www.cdk44.fr\/wp-content\/uploads\/2022\/03\/Embleme-MG-1536x1536.jpg 1536w, https:\/\/www.cdk44.fr\/wp-content\/uploads\/2022\/03\/Embleme-MG.jpg 2000w\" sizes=\"auto, (max-width: 200px) 100vw, 200px\" \/><\/figure>\n\n\n\n<p><a href=\"https:\/\/www.mgmotor.fr\/\">MG Motor<\/a>, le constructeur d\u2019origine britannique est de retour sur le continent europ\u00e9en par l\u2019interm\u00e9diaire du groupe SAIC. Proposant des v\u00e9hicules \u00e9lectriques et hybrides, ce nouvel entrant sur le march\u00e9 automobile fran\u00e7ais revendique d\u00e9j\u00e0 plus de 100 points de vente.<\/p>\n<\/div><\/div>\n\n\n\n<p>D\u00e9couvrez notre \u00e9quipe de professionnels \u00e0 votre \u00e9coute.<\/p>\n","protected":false},"excerpt":{"rendered":"<p>D\u00e9couvrez notre \u00e9quipe de professionnels \u00e0 votre \u00e9coute.<\/p>\n","protected":false},"author":1,"featured_media":0,"parent":0,"menu_order":0,"comment_status":"closed","ping_status":"closed","template":"","meta":{"neve_meta_sidebar":"full-width","neve_meta_container":"","neve_meta_enable_content_width":"on","neve_meta_content_width":100,"neve_meta_title_alignment":"","neve_meta_author_avatar":"","neve_post_elements_order":"","neve_meta_disable_header":"","neve_meta_disable_footer":"","neve_meta_disable_title":"on","_themeisle_gutenberg_block_has_review":false,"_ti_tpc_template_sync":false,"_ti_tpc_template_id":"t3x60x1arljpehhy6mr6","footnotes":""},"class_list":["post-69","page","type-page","status-publish","hentry"],"yoast_head":"<!-- This site is optimized with the Yoast SEO plugin v18.5.1 - https:\/\/yoast.com\/wordpress\/plugins\/seo\/ -->\n<title>Compagnie de kerlifornie Clients - CDK Clients<\/title>\n<meta name=\"description\" content=\"Fond\u00e9e en 2020 par trois associ\u00e9s aux profils diff\u00e9rents, la Compagnie De Kerlifornie travaille avec des entreprises allant de la startup au constructeur automobile. Cumulant plus de 35 ann\u00e9es d\u2019exp\u00e9rience dans le secteur automobile, nous avons aid\u00e9 \u00e0 g\u00e9n\u00e9rer pr\u00e8s de 19 millions d\u2019euros d\u2019\u00e9quivalent publicitaire \u00e0 notre premier client. Clients de Compagnie de Kerlifornie r\u00e9f\u00e9rences Agilauto MG banque constructeur automobile\" \/>\n<meta name=\"robots\" content=\"index, follow, max-snippet:-1, max-image-preview:large, max-video-preview:-1\" \/>\n<link rel=\"canonical\" href=\"https:\/\/www.cdk44.fr\/index.php\/nos-clients\/\" \/>\n<meta property=\"og:locale\" content=\"fr_FR\" \/>\n<meta property=\"og:type\" content=\"article\" \/>\n<meta property=\"og:title\" content=\"Compagnie de kerlifornie Clients - CDK Clients\" \/>\n<meta property=\"og:description\" content=\"Fond\u00e9e en 2020 par trois associ\u00e9s aux profils diff\u00e9rents, la Compagnie De Kerlifornie travaille avec des entreprises allant de la startup au constructeur automobile. Cumulant plus de 35 ann\u00e9es d\u2019exp\u00e9rience dans le secteur automobile, nous avons aid\u00e9 \u00e0 g\u00e9n\u00e9rer pr\u00e8s de 19 millions d\u2019euros d\u2019\u00e9quivalent publicitaire \u00e0 notre premier client. Clients de Compagnie de Kerlifornie r\u00e9f\u00e9rences Agilauto MG banque constructeur automobile\" \/>\n<meta property=\"og:url\" content=\"https:\/\/www.cdk44.fr\/index.php\/nos-clients\/\" \/>\n<meta property=\"og:site_name\" content=\"CDK\" \/>\n<meta property=\"article:modified_time\" content=\"2022-04-12T08:23:01+00:00\" \/>\n<meta property=\"og:image\" content=\"https:\/\/www.cdk44.fr\/wp-content\/uploads\/2022\/03\/agilauto-logo-idsidavv5e.png\" \/>\n<meta name=\"twitter:card\" content=\"summary_large_image\" \/>\n<meta name=\"twitter:label1\" content=\"Dur\u00e9e de lecture estim\u00e9e\" \/>\n\t<meta name=\"twitter:data1\" content=\"1 minute\" \/>\n<script type=\"application\/ld+json\" class=\"yoast-schema-graph\">{\"@context\":\"https:\/\/schema.org\",\"@graph\":[{\"@type\":\"Organization\",\"@id\":\"https:\/\/www.cdk44.fr\/#organization\",\"name\":\"Compagnie de Kerliformie\",\"url\":\"https:\/\/www.cdk44.fr\/\",\"sameAs\":[],\"logo\":{\"@type\":\"ImageObject\",\"@id\":\"https:\/\/www.cdk44.fr\/#logo\",\"inLanguage\":\"fr-FR\",\"url\":\"https:\/\/www.cdk44.fr\/wp-content\/uploads\/2022\/04\/LOGO_CDK01.png\",\"contentUrl\":\"https:\/\/www.cdk44.fr\/wp-content\/uploads\/2022\/04\/LOGO_CDK01.png\",\"width\":3164,\"height\":1398,\"caption\":\"Compagnie de Kerliformie\"},\"image\":{\"@id\":\"https:\/\/www.cdk44.fr\/#logo\"}},{\"@type\":\"WebSite\",\"@id\":\"https:\/\/www.cdk44.fr\/#website\",\"url\":\"https:\/\/www.cdk44.fr\/\",\"name\":\"CDK\",\"description\":\"Vos relations presse en toute simplicit\u00e9\",\"publisher\":{\"@id\":\"https:\/\/www.cdk44.fr\/#organization\"},\"potentialAction\":[{\"@type\":\"SearchAction\",\"target\":{\"@type\":\"EntryPoint\",\"urlTemplate\":\"https:\/\/www.cdk44.fr\/?s={search_term_string}\"},\"query-input\":\"required name=search_term_string\"}],\"inLanguage\":\"fr-FR\"},{\"@type\":\"ImageObject\",\"@id\":\"https:\/\/www.cdk44.fr\/index.php\/nos-clients\/#primaryimage\",\"inLanguage\":\"fr-FR\",\"url\":\"https:\/\/www.cdk44.fr\/wp-content\/uploads\/2022\/03\/agilauto-logo-idsidavv5e.png\",\"contentUrl\":\"https:\/\/www.cdk44.fr\/wp-content\/uploads\/2022\/03\/agilauto-logo-idsidavv5e.png\",\"width\":820,\"height\":247},{\"@type\":\"WebPage\",\"@id\":\"https:\/\/www.cdk44.fr\/index.php\/nos-clients\/#webpage\",\"url\":\"https:\/\/www.cdk44.fr\/index.php\/nos-clients\/\",\"name\":\"Compagnie de kerlifornie Clients - CDK Clients\",\"isPartOf\":{\"@id\":\"https:\/\/www.cdk44.fr\/#website\"},\"primaryImageOfPage\":{\"@id\":\"https:\/\/www.cdk44.fr\/index.php\/nos-clients\/#primaryimage\"},\"datePublished\":\"2020-01-27T08:05:29+00:00\",\"dateModified\":\"2022-04-12T08:23:01+00:00\",\"description\":\"Fond\u00e9e en 2020 par trois associ\u00e9s aux profils diff\u00e9rents, la Compagnie De Kerlifornie travaille avec des entreprises allant de la startup au constructeur automobile. Cumulant plus de 35 ann\u00e9es d\u2019exp\u00e9rience dans le secteur automobile, nous avons aid\u00e9 \u00e0 g\u00e9n\u00e9rer pr\u00e8s de 19 millions d\u2019euros d\u2019\u00e9quivalent publicitaire \u00e0 notre premier client. Clients de Compagnie de Kerlifornie r\u00e9f\u00e9rences Agilauto MG banque constructeur automobile\",\"breadcrumb\":{\"@id\":\"https:\/\/www.cdk44.fr\/index.php\/nos-clients\/#breadcrumb\"},\"inLanguage\":\"fr-FR\",\"potentialAction\":[{\"@type\":\"ReadAction\",\"target\":[\"https:\/\/www.cdk44.fr\/index.php\/nos-clients\/\"]}]},{\"@type\":\"BreadcrumbList\",\"@id\":\"https:\/\/www.cdk44.fr\/index.php\/nos-clients\/#breadcrumb\",\"itemListElement\":[{\"@type\":\"ListItem\",\"position\":1,\"name\":\"Accueil\",\"item\":\"https:\/\/www.cdk44.fr\/\"},{\"@type\":\"ListItem\",\"position\":2,\"name\":\"Nos clients\"}]}]}<\/script>\n<!-- \/ Yoast SEO plugin. -->","yoast_head_json":{"title":"Compagnie de kerlifornie Clients - CDK Clients","description":"Fond\u00e9e en 2020 par trois associ\u00e9s aux profils diff\u00e9rents, la Compagnie De Kerlifornie travaille avec des entreprises allant de la startup au constructeur automobile. Cumulant plus de 35 ann\u00e9es d\u2019exp\u00e9rience dans le secteur automobile, nous avons aid\u00e9 \u00e0 g\u00e9n\u00e9rer pr\u00e8s de 19 millions d\u2019euros d\u2019\u00e9quivalent publicitaire \u00e0 notre premier client. Clients de Compagnie de Kerlifornie r\u00e9f\u00e9rences Agilauto MG banque constructeur automobile","robots":{"index":"index","follow":"follow","max-snippet":"max-snippet:-1","max-image-preview":"max-image-preview:large","max-video-preview":"max-video-preview:-1"},"canonical":"https:\/\/www.cdk44.fr\/index.php\/nos-clients\/","og_locale":"fr_FR","og_type":"article","og_title":"Compagnie de kerlifornie Clients - CDK Clients","og_description":"Fond\u00e9e en 2020 par trois associ\u00e9s aux profils diff\u00e9rents, la Compagnie De Kerlifornie travaille avec des entreprises allant de la startup au constructeur automobile. Cumulant plus de 35 ann\u00e9es d\u2019exp\u00e9rience dans le secteur automobile, nous avons aid\u00e9 \u00e0 g\u00e9n\u00e9rer pr\u00e8s de 19 millions d\u2019euros d\u2019\u00e9quivalent publicitaire \u00e0 notre premier client. Clients de Compagnie de Kerlifornie r\u00e9f\u00e9rences Agilauto MG banque constructeur automobile","og_url":"https:\/\/www.cdk44.fr\/index.php\/nos-clients\/","og_site_name":"CDK","article_modified_time":"2022-04-12T08:23:01+00:00","og_image":[{"url":"https:\/\/www.cdk44.fr\/wp-content\/uploads\/2022\/03\/agilauto-logo-idsidavv5e.png"}],"twitter_card":"summary_large_image","twitter_misc":{"Dur\u00e9e de lecture estim\u00e9e":"1 minute"},"schema":{"@context":"https:\/\/schema.org","@graph":[{"@type":"Organization","@id":"https:\/\/www.cdk44.fr\/#organization","name":"Compagnie de Kerliformie","url":"https:\/\/www.cdk44.fr\/","sameAs":[],"logo":{"@type":"ImageObject","@id":"https:\/\/www.cdk44.fr\/#logo","inLanguage":"fr-FR","url":"https:\/\/www.cdk44.fr\/wp-content\/uploads\/2022\/04\/LOGO_CDK01.png","contentUrl":"https:\/\/www.cdk44.fr\/wp-content\/uploads\/2022\/04\/LOGO_CDK01.png","width":3164,"height":1398,"caption":"Compagnie de Kerliformie"},"image":{"@id":"https:\/\/www.cdk44.fr\/#logo"}},{"@type":"WebSite","@id":"https:\/\/www.cdk44.fr\/#website","url":"https:\/\/www.cdk44.fr\/","name":"CDK","description":"Vos relations presse en toute simplicit\u00e9","publisher":{"@id":"https:\/\/www.cdk44.fr\/#organization"},"potentialAction":[{"@type":"SearchAction","target":{"@type":"EntryPoint","urlTemplate":"https:\/\/www.cdk44.fr\/?s={search_term_string}"},"query-input":"required name=search_term_string"}],"inLanguage":"fr-FR"},{"@type":"ImageObject","@id":"https:\/\/www.cdk44.fr\/index.php\/nos-clients\/#primaryimage","inLanguage":"fr-FR","url":"https:\/\/www.cdk44.fr\/wp-content\/uploads\/2022\/03\/agilauto-logo-idsidavv5e.png","contentUrl":"https:\/\/www.cdk44.fr\/wp-content\/uploads\/2022\/03\/agilauto-logo-idsidavv5e.png","width":820,"height":247},{"@type":"WebPage","@id":"https:\/\/www.cdk44.fr\/index.php\/nos-clients\/#webpage","url":"https:\/\/www.cdk44.fr\/index.php\/nos-clients\/","name":"Compagnie de kerlifornie Clients - CDK Clients","isPartOf":{"@id":"https:\/\/www.cdk44.fr\/#website"},"primaryImageOfPage":{"@id":"https:\/\/www.cdk44.fr\/index.php\/nos-clients\/#primaryimage"},"datePublished":"2020-01-27T08:05:29+00:00","dateModified":"2022-04-12T08:23:01+00:00","description":"Fond\u00e9e en 2020 par trois associ\u00e9s aux profils diff\u00e9rents, la Compagnie De Kerlifornie travaille avec des entreprises allant de la startup au constructeur automobile. Cumulant plus de 35 ann\u00e9es d\u2019exp\u00e9rience dans le secteur automobile, nous avons aid\u00e9 \u00e0 g\u00e9n\u00e9rer pr\u00e8s de 19 millions d\u2019euros d\u2019\u00e9quivalent publicitaire \u00e0 notre premier client. Clients de Compagnie de Kerlifornie r\u00e9f\u00e9rences Agilauto MG banque constructeur automobile","breadcrumb":{"@id":"https:\/\/www.cdk44.fr\/index.php\/nos-clients\/#breadcrumb"},"inLanguage":"fr-FR","potentialAction":[{"@type":"ReadAction","target":["https:\/\/www.cdk44.fr\/index.php\/nos-clients\/"]}]},{"@type":"BreadcrumbList","@id":"https:\/\/www.cdk44.fr\/index.php\/nos-clients\/#breadcrumb","itemListElement":[{"@type":"ListItem","position":1,"name":"Accueil","item":"https:\/\/www.cdk44.fr\/"},{"@type":"ListItem","position":2,"name":"Nos clients"}]}]}},"_links":{"self":[{"href":"https:\/\/www.cdk44.fr\/index.php\/wp-json\/wp\/v2\/pages\/69","targetHints":{"allow":["GET"]}}],"collection":[{"href":"https:\/\/www.cdk44.fr\/index.php\/wp-json\/wp\/v2\/pages"}],"about":[{"href":"https:\/\/www.cdk44.fr\/index.php\/wp-json\/wp\/v2\/types\/page"}],"author":[{"embeddable":true,"href":"https:\/\/www.cdk44.fr\/index.php\/wp-json\/wp\/v2\/users\/1"}],"replies":[{"embeddable":true,"href":"https:\/\/www.cdk44.fr\/index.php\/wp-json\/wp\/v2\/comments?post=69"}],"version-history":[{"count":6,"href":"https:\/\/www.cdk44.fr\/index.php\/wp-json\/wp\/v2\/pages\/69\/revisions"}],"predecessor-version":[{"id":448,"href":"https:\/\/www.cdk44.fr\/index.php\/wp-json\/wp\/v2\/pages\/69\/revisions\/448"}],"wp:attachment":[{"href":"https:\/\/www.cdk44.fr\/index.php\/wp-json\/wp\/v2\/media?parent=69"}],"curies":[{"name":"wp","href":"https:\/\/api.w.org\/{rel}","templated":true}]}}