{"id":75,"date":"2020-01-27T08:29:32","date_gmt":"2020-01-27T08:29:32","guid":{"rendered":"https:\/\/demosites.io\/web-agency-gb\/?page_id=75"},"modified":"2023-04-25T10:45:53","modified_gmt":"2023-04-25T08:45:53","slug":"nous-contacter","status":"publish","type":"page","link":"https:\/\/www.cdk44.fr\/index.php\/nous-contacter\/","title":{"rendered":"Contact"},"content":{"rendered":"\n<div class=\"wp-block-cover alignfull\" style=\"min-height:458px;aspect-ratio:unset;\"><span aria-hidden=\"true\" class=\"wp-block-cover__background has-nv-light-bg-background-color has-background-dim-100 has-background-dim\"><\/span><div class=\"wp-block-cover__inner-container is-layout-flow wp-block-cover-is-layout-flow\">\n<div style=\"height:80px\" aria-hidden=\"true\" class=\"wp-block-spacer\"><\/div>\n\n\n\n<div class=\"wp-block-columns is-layout-flex wp-container-core-columns-is-layout-9d6595d7 wp-block-columns-is-layout-flex\">\n<div class=\"wp-block-column ticss-f6fc7494 is-layout-flow wp-block-column-is-layout-flow\">\n<div style=\"height:24px\" aria-hidden=\"true\" class=\"wp-block-spacer\"><\/div>\n\n\n<div class=\"wp-block-image icon-style is-style-default\">\n<figure class=\"aligncenter size-large\"><img decoding=\"async\" src=\"http:\/\/tsnfwul.cluster031.hosting.ovh.net\/wp-content\/uploads\/2021\/06\/email-sm.png\" alt=\"\" class=\"wp-image-306\"\/><\/figure>\n<\/div>\n\n\n<h3 class=\"wp-block-heading has-text-align-center has-neve-text-color-color has-text-color\">Email<\/h3>\n\n\n\n<p class=\"has-text-align-center has-neve-text-color-color has-text-color has-medium-font-size\">jb@cdk44.fr<\/p>\n\n\n\n<div style=\"height:24px\" aria-hidden=\"true\" class=\"wp-block-spacer\"><\/div>\n<\/div>\n\n\n\n<div class=\"wp-block-column ticss-4ce656f1 is-layout-flow wp-block-column-is-layout-flow\">\n<div style=\"height:24px\" aria-hidden=\"true\" class=\"wp-block-spacer\"><\/div>\n<\/div>\n\n\n\n<div class=\"wp-block-column ticss-a5b4df29 is-layout-flow wp-block-column-is-layout-flow\">\n<div style=\"height:24px\" aria-hidden=\"true\" class=\"wp-block-spacer\"><\/div>\n\n\n<div class=\"wp-block-image icon-style is-style-default\">\n<figure class=\"aligncenter size-large\"><img loading=\"lazy\" decoding=\"async\" width=\"49\" height=\"65\" src=\"http:\/\/tsnfwul.cluster031.hosting.ovh.net\/wp-content\/uploads\/2021\/06\/location-sm.png\" alt=\"\" class=\"wp-image-305\"\/><\/figure>\n<\/div>\n\n\n<h3 class=\"wp-block-heading has-text-align-center has-neve-text-color-color has-text-color\">Bureaux<\/h3>\n\n\n\n<p class=\"has-text-align-center has-neve-text-color-color has-text-color has-medium-font-size\">Saint-marc-sur-mer (44)<br>Paris (75)<\/p>\n\n\n\n<div style=\"height:24px\" aria-hidden=\"true\" class=\"wp-block-spacer\"><\/div>\n<\/div>\n<\/div>\n\n\n\n<div style=\"height:30px\" aria-hidden=\"true\" class=\"wp-block-spacer\"><\/div>\n<\/div><\/div>\n\n\n\n<div class=\"wp-block-cover alignfull\" style=\"min-height:600px;aspect-ratio:unset;\"><span aria-hidden=\"true\" class=\"wp-block-cover__background has-nv-dark-bg-background-color has-background-dim-100 has-background-dim\"><\/span><div class=\"wp-block-cover__inner-container is-layout-flow wp-block-cover-is-layout-flow\">\n<div class=\"wp-block-group\"><div class=\"wp-block-group__inner-container is-layout-flow wp-block-group-is-layout-flow\">\n<div style=\"height:80px\" aria-hidden=\"true\" class=\"wp-block-spacer\"><\/div>\n\n\n\n<div class=\"wp-block-columns is-layout-flex wp-container-core-columns-is-layout-9d6595d7 wp-block-columns-is-layout-flex\">\n<div class=\"wp-block-column is-layout-flow wp-block-column-is-layout-flow\" style=\"flex-basis:50%\">\n<h2 class=\"wp-block-heading has-nv-text-dark-bg-color has-text-color\">Laissez-nous un message<\/h2>\n\n\n\n<p class=\"has-white-color has-text-color\"><\/p>\n<\/div>\n\n\n\n<div class=\"wp-block-column is-vertically-aligned-center is-layout-flow wp-block-column-is-layout-flow\" style=\"flex-basis:50%\"><div class=\"wpforms-container wpforms-container-full\" id=\"wpforms-396\"><form id=\"wpforms-form-396\" class=\"wpforms-validate wpforms-form wpforms-ajax-form\" data-formid=\"396\" method=\"post\" enctype=\"multipart\/form-data\" action=\"\/index.php\/wp-json\/wp\/v2\/pages\/75\" data-token=\"c78cc002d73fc1ec23e6988976ebf610\"><noscript class=\"wpforms-error-noscript\">Veuillez activer JavaScript dans votre navigateur pour remplir ce formulaire.<\/noscript><div class=\"wpforms-field-container\"><div id=\"wpforms-396-field_0-container\" class=\"wpforms-field wpforms-field-name\" data-field-id=\"0\"><label class=\"wpforms-field-label\" for=\"wpforms-396-field_0\">Name <span class=\"wpforms-required-label\">*<\/span><\/label><div class=\"wpforms-field-row wpforms-field-medium\"><div class=\"wpforms-field-row-block wpforms-first wpforms-one-half\"><input type=\"text\" id=\"wpforms-396-field_0\" class=\"wpforms-field-name-first wpforms-field-required\" name=\"wpforms[fields][0][first]\" required><label for=\"wpforms-396-field_0\" class=\"wpforms-field-sublabel after \">Pr\u00e9nom<\/label><\/div><div class=\"wpforms-field-row-block wpforms-one-half\"><input type=\"text\" id=\"wpforms-396-field_0-last\" class=\"wpforms-field-name-last wpforms-field-required\" name=\"wpforms[fields][0][last]\" required><label for=\"wpforms-396-field_0-last\" class=\"wpforms-field-sublabel after \">Nom<\/label><\/div><\/div><\/div><div id=\"wpforms-396-field_3-container\" class=\"wpforms-field wpforms-field-text\" data-field-id=\"3\"><label class=\"wpforms-field-label\" for=\"wpforms-396-field_3\">Entreprise <span class=\"wpforms-required-label\">*<\/span><\/label><input type=\"text\" id=\"wpforms-396-field_3\" class=\"wpforms-field-medium wpforms-field-required\" name=\"wpforms[fields][3]\" required><\/div><div id=\"wpforms-396-field_4-container\" class=\"wpforms-field wpforms-field-number\" data-field-id=\"4\"><label class=\"wpforms-field-label\" for=\"wpforms-396-field_4\">T\u00e9l\u00e9phone <span class=\"wpforms-required-label\">*<\/span><\/label><input type=\"number\" pattern=\"\\d*\" id=\"wpforms-396-field_4\" class=\"wpforms-field-medium wpforms-field-required\" name=\"wpforms[fields][4]\" required><\/div><div id=\"wpforms-396-field_1-container\" class=\"wpforms-field wpforms-field-email\" data-field-id=\"1\"><label class=\"wpforms-field-label\" for=\"wpforms-396-field_1\">Email <span class=\"wpforms-required-label\">*<\/span><\/label><div class=\"wpforms-field-row wpforms-field-medium\"><div class=\"wpforms-field-row-block wpforms-one-half wpforms-first\"><input type=\"email\" id=\"wpforms-396-field_1\" class=\"wpforms-field-required wpforms-field-email-primary\" name=\"wpforms[fields][1][primary]\" required><label for=\"wpforms-396-field_1\" class=\"wpforms-field-sublabel after \">E-mail<\/label><\/div><div class=\"wpforms-field-row-block wpforms-one-half\"><input type=\"email\" id=\"wpforms-396-field_1-secondary\" class=\"wpforms-field-email-secondary wpforms-field-required\" data-rule-confirm=\"#wpforms-396-field_1\" name=\"wpforms[fields][1][secondary]\" required><label for=\"wpforms-396-field_1-secondary\" class=\"wpforms-field-sublabel after \">Confirmez l\u2019e-mail<\/label><\/div><\/div><\/div><div id=\"wpforms-396-field_2-container\" class=\"wpforms-field wpforms-field-textarea\" data-field-id=\"2\"><label class=\"wpforms-field-label\" for=\"wpforms-396-field_2\">Comment or Message<\/label><textarea id=\"wpforms-396-field_2\" class=\"wpforms-field-medium\" name=\"wpforms[fields][2]\" ><\/textarea><\/div><div id=\"wpforms-396-field_5-container\" class=\"wpforms-field wpforms-field-email\" data-field-id=\"5\"><label class=\"wpforms-field-label\" for=\"wpforms-396-field_5\">E-mail <span class=\"wpforms-required-label\">*<\/span><\/label><input type=\"email\" id=\"wpforms-396-field_5\" class=\"wpforms-field-medium wpforms-field-required\" name=\"wpforms[fields][5]\" required><\/div><\/div><div class=\"wpforms-submit-container\"><input type=\"hidden\" name=\"wpforms[id]\" value=\"396\"><input type=\"hidden\" name=\"wpforms[author]\" value=\"1\"><button type=\"submit\" name=\"wpforms[submit]\" id=\"wpforms-submit-396\" class=\"wpforms-submit\" data-alt-text=\"Sending...\" data-submit-text=\"Submit\" aria-live=\"assertive\" value=\"wpforms-submit\">Submit<\/button><img loading=\"lazy\" decoding=\"async\" src=\"https:\/\/www.cdk44.fr\/wp-content\/plugins\/wpforms-lite\/assets\/images\/submit-spin.svg\" class=\"wpforms-submit-spinner\" style=\"display: none;\" width=\"26\" height=\"26\" alt=\"\"><\/div><\/form><\/div>  <!-- .wpforms-container --><\/div>\n<\/div>\n\n\n\n<div style=\"height:40px\" aria-hidden=\"true\" class=\"wp-block-spacer\"><\/div>\n<\/div><\/div>\n<\/div><\/div>\n","protected":false},"excerpt":{"rendered":"","protected":false},"author":1,"featured_media":0,"parent":0,"menu_order":0,"comment_status":"closed","ping_status":"closed","template":"","meta":{"neve_meta_sidebar":"default","neve_meta_container":"","neve_meta_enable_content_width":"on","neve_meta_content_width":100,"neve_meta_title_alignment":"","neve_meta_author_avatar":"","neve_post_elements_order":"","neve_meta_disable_header":"","neve_meta_disable_footer":"","neve_meta_disable_title":"on","_themeisle_gutenberg_block_has_review":false,"_ti_tpc_template_sync":false,"_ti_tpc_template_id":"zuvhy18wufi8o2qqt4z7","footnotes":""},"class_list":["post-75","page","type-page","status-publish","hentry"],"yoast_head":"<!-- This site is optimized with the Yoast SEO plugin v18.5.1 - https:\/\/yoast.com\/wordpress\/plugins\/seo\/ -->\n<title>Compagnie de kerlifornie contact- CDK<\/title>\n<meta name=\"description\" content=\"Fond\u00e9e en 2020 par trois associ\u00e9s aux profils diff\u00e9rents, la Compagnie De Kerlifornie travaille avec des entreprises allant de la startup au constructeur automobile. Cumulant plus de 35 ann\u00e9es d\u2019exp\u00e9rience dans le secteur automobile, nous avons aid\u00e9 \u00e0 g\u00e9n\u00e9rer pr\u00e8s de 19 millions d\u2019euros d\u2019\u00e9quivalent publicitaire \u00e0 notre premier client lors de notre premi\u00e8re ann\u00e9e d\u2019activit\u00e9. Nous accompagnons nos clients dans leurs projets de communication, d\u2019\u00e9v\u00e9nements et de marketing digital.\" \/>\n<meta name=\"robots\" content=\"index, follow, max-snippet:-1, max-image-preview:large, max-video-preview:-1\" \/>\n<link rel=\"canonical\" href=\"https:\/\/www.cdk44.fr\/index.php\/nous-contacter\/\" \/>\n<meta property=\"og:locale\" content=\"fr_FR\" \/>\n<meta property=\"og:type\" content=\"article\" \/>\n<meta property=\"og:title\" content=\"Compagnie de kerlifornie contact- CDK\" \/>\n<meta property=\"og:description\" content=\"Fond\u00e9e en 2020 par trois associ\u00e9s aux profils diff\u00e9rents, la Compagnie De Kerlifornie travaille avec des entreprises allant de la startup au constructeur automobile. Cumulant plus de 35 ann\u00e9es d\u2019exp\u00e9rience dans le secteur automobile, nous avons aid\u00e9 \u00e0 g\u00e9n\u00e9rer pr\u00e8s de 19 millions d\u2019euros d\u2019\u00e9quivalent publicitaire \u00e0 notre premier client lors de notre premi\u00e8re ann\u00e9e d\u2019activit\u00e9. Nous accompagnons nos clients dans leurs projets de communication, d\u2019\u00e9v\u00e9nements et de marketing digital.\" \/>\n<meta property=\"og:url\" content=\"https:\/\/www.cdk44.fr\/index.php\/nous-contacter\/\" \/>\n<meta property=\"og:site_name\" content=\"CDK\" \/>\n<meta property=\"article:modified_time\" content=\"2023-04-25T08:45:53+00:00\" \/>\n<meta property=\"og:image\" content=\"http:\/\/tsnfwul.cluster031.hosting.ovh.net\/wp-content\/uploads\/2021\/06\/email-sm.png\" \/>\n<meta name=\"twitter:card\" content=\"summary_large_image\" \/>\n<meta name=\"twitter:label1\" content=\"Dur\u00e9e de lecture estim\u00e9e\" \/>\n\t<meta name=\"twitter:data1\" content=\"1 minute\" \/>\n<script type=\"application\/ld+json\" class=\"yoast-schema-graph\">{\"@context\":\"https:\/\/schema.org\",\"@graph\":[{\"@type\":\"Organization\",\"@id\":\"https:\/\/www.cdk44.fr\/#organization\",\"name\":\"Compagnie de Kerliformie\",\"url\":\"https:\/\/www.cdk44.fr\/\",\"sameAs\":[],\"logo\":{\"@type\":\"ImageObject\",\"@id\":\"https:\/\/www.cdk44.fr\/#logo\",\"inLanguage\":\"fr-FR\",\"url\":\"https:\/\/www.cdk44.fr\/wp-content\/uploads\/2022\/04\/LOGO_CDK01.png\",\"contentUrl\":\"https:\/\/www.cdk44.fr\/wp-content\/uploads\/2022\/04\/LOGO_CDK01.png\",\"width\":3164,\"height\":1398,\"caption\":\"Compagnie de Kerliformie\"},\"image\":{\"@id\":\"https:\/\/www.cdk44.fr\/#logo\"}},{\"@type\":\"WebSite\",\"@id\":\"https:\/\/www.cdk44.fr\/#website\",\"url\":\"https:\/\/www.cdk44.fr\/\",\"name\":\"CDK\",\"description\":\"Vos relations presse en toute simplicit\u00e9\",\"publisher\":{\"@id\":\"https:\/\/www.cdk44.fr\/#organization\"},\"potentialAction\":[{\"@type\":\"SearchAction\",\"target\":{\"@type\":\"EntryPoint\",\"urlTemplate\":\"https:\/\/www.cdk44.fr\/?s={search_term_string}\"},\"query-input\":\"required name=search_term_string\"}],\"inLanguage\":\"fr-FR\"},{\"@type\":\"ImageObject\",\"@id\":\"https:\/\/www.cdk44.fr\/index.php\/nous-contacter\/#primaryimage\",\"inLanguage\":\"fr-FR\",\"url\":\"http:\/\/tsnfwul.cluster031.hosting.ovh.net\/wp-content\/uploads\/2021\/06\/email-sm.png\",\"contentUrl\":\"http:\/\/tsnfwul.cluster031.hosting.ovh.net\/wp-content\/uploads\/2021\/06\/email-sm.png\"},{\"@type\":\"WebPage\",\"@id\":\"https:\/\/www.cdk44.fr\/index.php\/nous-contacter\/#webpage\",\"url\":\"https:\/\/www.cdk44.fr\/index.php\/nous-contacter\/\",\"name\":\"Compagnie de kerlifornie contact- CDK\",\"isPartOf\":{\"@id\":\"https:\/\/www.cdk44.fr\/#website\"},\"primaryImageOfPage\":{\"@id\":\"https:\/\/www.cdk44.fr\/index.php\/nous-contacter\/#primaryimage\"},\"datePublished\":\"2020-01-27T08:29:32+00:00\",\"dateModified\":\"2023-04-25T08:45:53+00:00\",\"description\":\"Fond\u00e9e en 2020 par trois associ\u00e9s aux profils diff\u00e9rents, la Compagnie De Kerlifornie travaille avec des entreprises allant de la startup au constructeur automobile. Cumulant plus de 35 ann\u00e9es d\u2019exp\u00e9rience dans le secteur automobile, nous avons aid\u00e9 \u00e0 g\u00e9n\u00e9rer pr\u00e8s de 19 millions d\u2019euros d\u2019\u00e9quivalent publicitaire \u00e0 notre premier client lors de notre premi\u00e8re ann\u00e9e d\u2019activit\u00e9. Nous accompagnons nos clients dans leurs projets de communication, d\u2019\u00e9v\u00e9nements et de marketing digital.\",\"breadcrumb\":{\"@id\":\"https:\/\/www.cdk44.fr\/index.php\/nous-contacter\/#breadcrumb\"},\"inLanguage\":\"fr-FR\",\"potentialAction\":[{\"@type\":\"ReadAction\",\"target\":[\"https:\/\/www.cdk44.fr\/index.php\/nous-contacter\/\"]}]},{\"@type\":\"BreadcrumbList\",\"@id\":\"https:\/\/www.cdk44.fr\/index.php\/nous-contacter\/#breadcrumb\",\"itemListElement\":[{\"@type\":\"ListItem\",\"position\":1,\"name\":\"Accueil\",\"item\":\"https:\/\/www.cdk44.fr\/\"},{\"@type\":\"ListItem\",\"position\":2,\"name\":\"Contact\"}]}]}<\/script>\n<!-- \/ Yoast SEO plugin. -->","yoast_head_json":{"title":"Compagnie de kerlifornie contact- CDK","description":"Fond\u00e9e en 2020 par trois associ\u00e9s aux profils diff\u00e9rents, la Compagnie De Kerlifornie travaille avec des entreprises allant de la startup au constructeur automobile. Cumulant plus de 35 ann\u00e9es d\u2019exp\u00e9rience dans le secteur automobile, nous avons aid\u00e9 \u00e0 g\u00e9n\u00e9rer pr\u00e8s de 19 millions d\u2019euros d\u2019\u00e9quivalent publicitaire \u00e0 notre premier client lors de notre premi\u00e8re ann\u00e9e d\u2019activit\u00e9. Nous accompagnons nos clients dans leurs projets de communication, d\u2019\u00e9v\u00e9nements et de marketing digital.","robots":{"index":"index","follow":"follow","max-snippet":"max-snippet:-1","max-image-preview":"max-image-preview:large","max-video-preview":"max-video-preview:-1"},"canonical":"https:\/\/www.cdk44.fr\/index.php\/nous-contacter\/","og_locale":"fr_FR","og_type":"article","og_title":"Compagnie de kerlifornie contact- CDK","og_description":"Fond\u00e9e en 2020 par trois associ\u00e9s aux profils diff\u00e9rents, la Compagnie De Kerlifornie travaille avec des entreprises allant de la startup au constructeur automobile. Cumulant plus de 35 ann\u00e9es d\u2019exp\u00e9rience dans le secteur automobile, nous avons aid\u00e9 \u00e0 g\u00e9n\u00e9rer pr\u00e8s de 19 millions d\u2019euros d\u2019\u00e9quivalent publicitaire \u00e0 notre premier client lors de notre premi\u00e8re ann\u00e9e d\u2019activit\u00e9. Nous accompagnons nos clients dans leurs projets de communication, d\u2019\u00e9v\u00e9nements et de marketing digital.","og_url":"https:\/\/www.cdk44.fr\/index.php\/nous-contacter\/","og_site_name":"CDK","article_modified_time":"2023-04-25T08:45:53+00:00","og_image":[{"url":"http:\/\/tsnfwul.cluster031.hosting.ovh.net\/wp-content\/uploads\/2021\/06\/email-sm.png"}],"twitter_card":"summary_large_image","twitter_misc":{"Dur\u00e9e de lecture estim\u00e9e":"1 minute"},"schema":{"@context":"https:\/\/schema.org","@graph":[{"@type":"Organization","@id":"https:\/\/www.cdk44.fr\/#organization","name":"Compagnie de Kerliformie","url":"https:\/\/www.cdk44.fr\/","sameAs":[],"logo":{"@type":"ImageObject","@id":"https:\/\/www.cdk44.fr\/#logo","inLanguage":"fr-FR","url":"https:\/\/www.cdk44.fr\/wp-content\/uploads\/2022\/04\/LOGO_CDK01.png","contentUrl":"https:\/\/www.cdk44.fr\/wp-content\/uploads\/2022\/04\/LOGO_CDK01.png","width":3164,"height":1398,"caption":"Compagnie de Kerliformie"},"image":{"@id":"https:\/\/www.cdk44.fr\/#logo"}},{"@type":"WebSite","@id":"https:\/\/www.cdk44.fr\/#website","url":"https:\/\/www.cdk44.fr\/","name":"CDK","description":"Vos relations presse en toute simplicit\u00e9","publisher":{"@id":"https:\/\/www.cdk44.fr\/#organization"},"potentialAction":[{"@type":"SearchAction","target":{"@type":"EntryPoint","urlTemplate":"https:\/\/www.cdk44.fr\/?s={search_term_string}"},"query-input":"required name=search_term_string"}],"inLanguage":"fr-FR"},{"@type":"ImageObject","@id":"https:\/\/www.cdk44.fr\/index.php\/nous-contacter\/#primaryimage","inLanguage":"fr-FR","url":"http:\/\/tsnfwul.cluster031.hosting.ovh.net\/wp-content\/uploads\/2021\/06\/email-sm.png","contentUrl":"http:\/\/tsnfwul.cluster031.hosting.ovh.net\/wp-content\/uploads\/2021\/06\/email-sm.png"},{"@type":"WebPage","@id":"https:\/\/www.cdk44.fr\/index.php\/nous-contacter\/#webpage","url":"https:\/\/www.cdk44.fr\/index.php\/nous-contacter\/","name":"Compagnie de kerlifornie contact- CDK","isPartOf":{"@id":"https:\/\/www.cdk44.fr\/#website"},"primaryImageOfPage":{"@id":"https:\/\/www.cdk44.fr\/index.php\/nous-contacter\/#primaryimage"},"datePublished":"2020-01-27T08:29:32+00:00","dateModified":"2023-04-25T08:45:53+00:00","description":"Fond\u00e9e en 2020 par trois associ\u00e9s aux profils diff\u00e9rents, la Compagnie De Kerlifornie travaille avec des entreprises allant de la startup au constructeur automobile. Cumulant plus de 35 ann\u00e9es d\u2019exp\u00e9rience dans le secteur automobile, nous avons aid\u00e9 \u00e0 g\u00e9n\u00e9rer pr\u00e8s de 19 millions d\u2019euros d\u2019\u00e9quivalent publicitaire \u00e0 notre premier client lors de notre premi\u00e8re ann\u00e9e d\u2019activit\u00e9. Nous accompagnons nos clients dans leurs projets de communication, d\u2019\u00e9v\u00e9nements et de marketing digital.","breadcrumb":{"@id":"https:\/\/www.cdk44.fr\/index.php\/nous-contacter\/#breadcrumb"},"inLanguage":"fr-FR","potentialAction":[{"@type":"ReadAction","target":["https:\/\/www.cdk44.fr\/index.php\/nous-contacter\/"]}]},{"@type":"BreadcrumbList","@id":"https:\/\/www.cdk44.fr\/index.php\/nous-contacter\/#breadcrumb","itemListElement":[{"@type":"ListItem","position":1,"name":"Accueil","item":"https:\/\/www.cdk44.fr\/"},{"@type":"ListItem","position":2,"name":"Contact"}]}]}},"_links":{"self":[{"href":"https:\/\/www.cdk44.fr\/index.php\/wp-json\/wp\/v2\/pages\/75","targetHints":{"allow":["GET"]}}],"collection":[{"href":"https:\/\/www.cdk44.fr\/index.php\/wp-json\/wp\/v2\/pages"}],"about":[{"href":"https:\/\/www.cdk44.fr\/index.php\/wp-json\/wp\/v2\/types\/page"}],"author":[{"embeddable":true,"href":"https:\/\/www.cdk44.fr\/index.php\/wp-json\/wp\/v2\/users\/1"}],"replies":[{"embeddable":true,"href":"https:\/\/www.cdk44.fr\/index.php\/wp-json\/wp\/v2\/comments?post=75"}],"version-history":[{"count":5,"href":"https:\/\/www.cdk44.fr\/index.php\/wp-json\/wp\/v2\/pages\/75\/revisions"}],"predecessor-version":[{"id":456,"href":"https:\/\/www.cdk44.fr\/index.php\/wp-json\/wp\/v2\/pages\/75\/revisions\/456"}],"wp:attachment":[{"href":"https:\/\/www.cdk44.fr\/index.php\/wp-json\/wp\/v2\/media?parent=75"}],"curies":[{"name":"wp","href":"https:\/\/api.w.org\/{rel}","templated":true}]}}